{"id":82,"date":"2013-08-11T19:22:53","date_gmt":"2013-08-11T19:22:53","guid":{"rendered":"http:\/\/localhost:8888\/test\/?page_id=532"},"modified":"2023-05-26T08:09:33","modified_gmt":"2023-05-26T08:09:33","slug":"contact","status":"publish","type":"page","link":"https:\/\/tiembunbatoan.com\/?page_id=82","title":{"rendered":"Li\u00ean h\u1ec7"},"content":{"rendered":"\t<section class=\"section du_an_01\" id=\"section_1212977738\">\n\t\t<div class=\"bg section-bg fill bg-fill  \" >\n\n\t\t\t\n\t\t\t\n\t\t\t\n\n\t\t<\/div>\n\n\t\t\n\n\t\t<div class=\"section-content relative\">\n\t\t\t\n \n    <div class=\"block__element_head\">\n    <h2 class=\"heading\"><span>Li\u00ean h\u1ec7<\/span><\/h2>\n    <p class=\"text_head\">Trang ch\u1ee7 \/ Li\u00ean h\u1ec7<\/p>\n   \n    <\/div>\n\n\t\t<\/div>\n\n\t\t\n<style>\n#section_1212977738 {\n  padding-top: 20px;\n  padding-bottom: 20px;\n}\n#section_1212977738 .section-bg.bg-loaded {\n  background-image: 459;\n}\n#section_1212977738 .ux-shape-divider--top svg {\n  height: 150px;\n  --divider-top-width: 100%;\n}\n#section_1212977738 .ux-shape-divider--bottom svg {\n  height: 150px;\n  --divider-width: 100%;\n}\n<\/style>\n\t<\/section>\n\t\n\t<section class=\"section section_01 lh_02\" id=\"section_2067184600\">\n\t\t<div class=\"bg section-bg fill bg-fill  bg-loaded\" >\n\n\t\t\t\n\t\t\t\n\t\t\t\n\n\t\t<\/div>\n\n\t\t\n\n\t\t<div class=\"section-content relative\">\n\t\t\t\n<div class=\"row\"  id=\"row-140423706\">\n\n\t<div id=\"col-1079927222\" class=\"col medium-6 small-12 large-6\"  >\n\t\t\t\t<div class=\"col-inner\"  >\n\t\t\t\n\t\t\t\n<div class=\"row row_lh\"  id=\"row-1781888825\">\n\n\t<div id=\"col-1571145801\" class=\"col small-12 large-12\"  >\n\t\t\t\t<div class=\"col-inner\"  >\n\t\t\t\n\t\t\t\n\n\t\t<div class=\"icon-box featured-box icon-box-left text-left\"  >\n\t\t\t\t<div class=\"icon-box-text last-reset\">\n\t\t\t\t\t\t\t\t\t\n \n    <div class=\"block__element_head\">\n    <h2 class=\"heading\"><span>\u0110\u1ecba Ch\u1ec9<\/span><\/h2>\n    <p class=\"text_head\">\u0110\u1ecba ch\u1ec9: S\u1ed1 5 \u0110\u1ed7 H\u00e0nh, Hai B\u00e0 Tr\u01b0ng, H\u00e0 N\u1ed9i<\/p>\n   \n    <\/div>\n\n\t\t<\/div>\n\t<\/div>\n\t\n\t\n\n\t\t<div class=\"icon-box featured-box icon-box-left text-left\"  >\n\t\t\t\t<div class=\"icon-box-text last-reset\">\n\t\t\t\t\t\t\t\t\t\n \n    <div class=\"block__element_head\">\n    <h2 class=\"heading\"><span>Hotline<\/span><\/h2>\n    <p class=\"text_head\">097 1776281<\/p>\n   \n    <\/div>\n\n\t\t<\/div>\n\t<\/div>\n\t\n\t\n\n\t\t<div class=\"icon-box featured-box icon-box-left text-left\"  >\n\t\t\t\t<div class=\"icon-box-text last-reset\">\n\t\t\t\t\t\t\t\t\t\n \n    <div class=\"block__element_head\">\n    <h2 class=\"heading\"><span>Fanpage<\/span><\/h2>\n    <p class=\"text_head\">www.facebook.com\/TiembunbaToan?mibextid=LQQJ4d<\/p>\n   \n    <\/div>\n\n\t\t<\/div>\n\t<\/div>\n\t\n\t\n<div class=\"social-icons follow-icons full-width text-left\" ><a href=\"Fanpage: www.facebook.com\/TiembunbaToan?mibextid=LQQJ4d\" target=\"_blank\" data-label=\"Facebook\" rel=\"noopener noreferrer nofollow\" class=\"icon plain facebook tooltip\" title=\"Follow on Facebook\" aria-label=\"Follow on Facebook\"><i class=\"icon-facebook\" ><\/i><\/a><a href=\"https:\/\/www.instagram.com\/reel\/CrN3mPbpRRR\/?igshid=NjZiM2M3MzIxNA==\" target=\"_blank\" rel=\"noopener noreferrer nofollow\" data-label=\"Instagram\" class=\"icon plain  instagram tooltip\" title=\"Follow on Instagram\" aria-label=\"Follow on Instagram\"><i class=\"icon-instagram\" ><\/i><\/a><a href=\"#\" target=\"_blank\" data-label=\"Twitter\" rel=\"noopener noreferrer nofollow\" class=\"icon plain  twitter tooltip\" title=\"Follow on Twitter\" aria-label=\"Follow on Twitter\"><i class=\"icon-twitter\" ><\/i><\/a><a href=\"#\" target=\"_blank\" rel=\"noopener noreferrer nofollow\" data-label=\"LinkedIn\" class=\"icon plain  linkedin tooltip\" title=\"Follow on LinkedIn\" aria-label=\"Follow on LinkedIn\"><i class=\"icon-linkedin\" ><\/i><\/a><\/div>\n\t\t<\/div>\n\t\t\t\t\t<\/div>\n\n\t\n<\/div>\n\t\t<\/div>\n\t\t\t\t\t<\/div>\n\n\t\n\n\t<div id=\"col-1016666298\" class=\"col medium-6 small-12 large-6\"  >\n\t\t\t\t<div class=\"col-inner\"  >\n\t\t\t\n\t\t\t\n<h3 class=\"dbl-title_wrapper\"><span class=\"dbl-title dbl-title_1\">Li\u00ean H\u1ec7<\/span> <span class=\"dbl-title dbl-title_2\">V\u1edbi Ch\u00fang T\u00f4i<\/span><\/h3>\n<p>B\u1ea1n c\u1ea7n t\u01b0 v\u1ea5n gi\u1ea3i \u0111\u00e1p th\u1eafc m\u1eafc, h\u00e3y li\u00ean h\u1ec7 ngay v\u1edbi KaizenArchi \u0111\u1ec3 \u0111\u01b0\u1ee3c t\u01b0 v\u1ea5n t\u1ed1t nh\u1ea5t.<\/p>\n\n<div class=\"wpcf7 no-js\" id=\"wpcf7-f261-o1\" lang=\"vi\" dir=\"ltr\">\n<div class=\"screen-reader-response\"><p role=\"status\" aria-live=\"polite\" aria-atomic=\"true\"><\/p> <ul><\/ul><\/div>\n<form action=\"\/index.php?rest_route=%2Fwp%2Fv2%2Fpages%2F82#wpcf7-f261-o1\" method=\"post\" class=\"wpcf7-form init\" aria-label=\"Form li\u00ean h\u1ec7\" novalidate=\"novalidate\" data-status=\"init\">\n<div style=\"display: none;\">\n<input type=\"hidden\" name=\"_wpcf7\" value=\"261\" \/>\n<input type=\"hidden\" name=\"_wpcf7_version\" value=\"5.7.6\" \/>\n<input type=\"hidden\" name=\"_wpcf7_locale\" value=\"vi\" \/>\n<input type=\"hidden\" name=\"_wpcf7_unit_tag\" value=\"wpcf7-f261-o1\" \/>\n<input type=\"hidden\" name=\"_wpcf7_container_post\" value=\"0\" \/>\n<input type=\"hidden\" name=\"_wpcf7_posted_data_hash\" value=\"\" \/>\n<\/div>\n<div class=\"row form-cafe\">\n\t<div class=\"col small-12 large-12\">\n\t\t<div class=\"form-group\">\n\t\t\t<p><label for=\"firstname\" class=\"_form-label\">T\u00ean*<\/label><br \/>\n<span class=\"wpcf7-form-control-wrap\" data-name=\"Ten\"><input size=\"40\" class=\"wpcf7-form-control wpcf7-text form-name-control\" aria-invalid=\"false\" placeholder=\"Xin ch\u00e0o! T\u00ean b\u1ea1n l\u00e0?\" value=\"\" type=\"text\" name=\"Ten\" \/><\/span>\n\t\t\t<\/p>\n\t\t<\/div>\n\t<\/div>\n\t<div class=\"col small-12 large-12\">\n\t\t<div class=\"form-group\">\n\t\t\t<p><label for=\"firstname\" class=\"_form-label\">Email*<\/label><br \/>\n<span class=\"wpcf7-form-control-wrap\" data-name=\"email-1\"><input size=\"40\" class=\"wpcf7-form-control wpcf7-text wpcf7-email wpcf7-validates-as-required wpcf7-validates-as-email form-email-control\" aria-required=\"true\" aria-invalid=\"false\" value=\"\" type=\"email\" name=\"email-1\" \/><\/span>\n\t\t\t<\/p>\n\t\t<\/div>\n\t<\/div>\n\t<div class=\"col small-12 large-12\">\n\t\t<div class=\"form-group\">\n\t\t\t<p><label for=\"firstname\" class=\"_form-label\">S\u1ed1 \u0111i\u1ec7n tho\u1ea1i<\/label><br \/>\n<span class=\"wpcf7-form-control-wrap\" data-name=\"tel-1\"><input size=\"40\" class=\"wpcf7-form-control wpcf7-text wpcf7-tel wpcf7-validates-as-tel form-phone-control\" aria-invalid=\"false\" value=\"\" type=\"tel\" name=\"tel-1\" \/><\/span>\n\t\t\t<\/p>\n\t\t<\/div>\n\t<\/div>\n\t<div class=\"col small-12 large-12 button-dt\">\n\t\t<div class=\"form-group\">\n\t\t\t<p><input class=\"wpcf7-form-control has-spinner wpcf7-submit\" type=\"submit\" value=\"\u0110\u0103ng k\u00fd\" \/>\n\t\t\t<\/p>\n\t\t<\/div>\n\t<\/div>\n<\/div><div class=\"wpcf7-response-output\" aria-hidden=\"true\"><\/div>\n<\/form>\n<\/div>\n\n\t\t<\/div>\n\t\t\t\t\t<\/div>\n\n\t\n<\/div>\n\t\t<\/div>\n\n\t\t\n<style>\n#section_2067184600 {\n  padding-top: 0px;\n  padding-bottom: 0px;\n}\n#section_2067184600 .ux-shape-divider--top svg {\n  height: 150px;\n  --divider-top-width: 100%;\n}\n#section_2067184600 .ux-shape-divider--bottom svg {\n  height: 150px;\n  --divider-width: 100%;\n}\n<\/style>\n\t<\/section>\n\t\n","protected":false},"excerpt":{"rendered":"","protected":false},"author":1,"featured_media":0,"parent":0,"menu_order":0,"comment_status":"closed","ping_status":"closed","template":"page-blank.php","meta":{"footnotes":""},"class_list":["post-82","page","type-page","status-publish","hentry"],"yoast_head":"<!-- This site is optimized with the Yoast SEO plugin v20.8 - https:\/\/yoast.com\/wordpress\/plugins\/seo\/ -->\n<title>Li\u00ean h\u1ec7 - tiembunbatoan<\/title>\n<meta name=\"robots\" content=\"noindex, follow, max-snippet:-1, max-image-preview:large, max-video-preview:-1\" \/>\n<meta property=\"og:locale\" content=\"vi_VN\" \/>\n<meta property=\"og:type\" content=\"article\" \/>\n<meta property=\"og:title\" content=\"Li\u00ean h\u1ec7 - tiembunbatoan\" \/>\n<meta property=\"og:url\" content=\"https:\/\/tiembunbatoan.com\/?page_id=82\" \/>\n<meta property=\"og:site_name\" content=\"tiembunbatoan\" \/>\n<meta property=\"article:modified_time\" content=\"2023-05-26T08:09:33+00:00\" \/>\n<meta name=\"twitter:card\" content=\"summary_large_image\" \/>\n<meta name=\"twitter:label1\" content=\"\u01af\u1edbc t\u00ednh th\u1eddi gian \u0111\u1ecdc\" \/>\n\t<meta name=\"twitter:data1\" content=\"1 ph\u00fat\" \/>\n<script type=\"application\/ld+json\" class=\"yoast-schema-graph\">{\"@context\":\"https:\/\/schema.org\",\"@graph\":[{\"@type\":\"WebPage\",\"@id\":\"https:\/\/tiembunbatoan.com\/?page_id=82\",\"url\":\"https:\/\/tiembunbatoan.com\/?page_id=82\",\"name\":\"Li\u00ean h\u1ec7 - tiembunbatoan\",\"isPartOf\":{\"@id\":\"https:\/\/tiembunbatoan.com\/#website\"},\"datePublished\":\"2013-08-11T19:22:53+00:00\",\"dateModified\":\"2023-05-26T08:09:33+00:00\",\"breadcrumb\":{\"@id\":\"https:\/\/tiembunbatoan.com\/?page_id=82#breadcrumb\"},\"inLanguage\":\"vi\",\"potentialAction\":[{\"@type\":\"ReadAction\",\"target\":[\"https:\/\/tiembunbatoan.com\/?page_id=82\"]}]},{\"@type\":\"BreadcrumbList\",\"@id\":\"https:\/\/tiembunbatoan.com\/?page_id=82#breadcrumb\",\"itemListElement\":[{\"@type\":\"ListItem\",\"position\":1,\"name\":\"Home\",\"item\":\"https:\/\/tiembunbatoan.com\/\"},{\"@type\":\"ListItem\",\"position\":2,\"name\":\"Li\u00ean h\u1ec7\"}]},{\"@type\":\"WebSite\",\"@id\":\"https:\/\/tiembunbatoan.com\/#website\",\"url\":\"https:\/\/tiembunbatoan.com\/\",\"name\":\"tiembunbatoan\",\"description\":\"tiembunbatoan\",\"potentialAction\":[{\"@type\":\"SearchAction\",\"target\":{\"@type\":\"EntryPoint\",\"urlTemplate\":\"https:\/\/tiembunbatoan.com\/?s={search_term_string}\"},\"query-input\":\"required name=search_term_string\"}],\"inLanguage\":\"vi\"}]}<\/script>\n<!-- \/ Yoast SEO plugin. -->","yoast_head_json":{"title":"Li\u00ean h\u1ec7 - tiembunbatoan","robots":{"index":"noindex","follow":"follow","max-snippet":"max-snippet:-1","max-image-preview":"max-image-preview:large","max-video-preview":"max-video-preview:-1"},"og_locale":"vi_VN","og_type":"article","og_title":"Li\u00ean h\u1ec7 - tiembunbatoan","og_url":"https:\/\/tiembunbatoan.com\/?page_id=82","og_site_name":"tiembunbatoan","article_modified_time":"2023-05-26T08:09:33+00:00","twitter_card":"summary_large_image","twitter_misc":{"\u01af\u1edbc t\u00ednh th\u1eddi gian \u0111\u1ecdc":"1 ph\u00fat"},"schema":{"@context":"https:\/\/schema.org","@graph":[{"@type":"WebPage","@id":"https:\/\/tiembunbatoan.com\/?page_id=82","url":"https:\/\/tiembunbatoan.com\/?page_id=82","name":"Li\u00ean h\u1ec7 - tiembunbatoan","isPartOf":{"@id":"https:\/\/tiembunbatoan.com\/#website"},"datePublished":"2013-08-11T19:22:53+00:00","dateModified":"2023-05-26T08:09:33+00:00","breadcrumb":{"@id":"https:\/\/tiembunbatoan.com\/?page_id=82#breadcrumb"},"inLanguage":"vi","potentialAction":[{"@type":"ReadAction","target":["https:\/\/tiembunbatoan.com\/?page_id=82"]}]},{"@type":"BreadcrumbList","@id":"https:\/\/tiembunbatoan.com\/?page_id=82#breadcrumb","itemListElement":[{"@type":"ListItem","position":1,"name":"Home","item":"https:\/\/tiembunbatoan.com\/"},{"@type":"ListItem","position":2,"name":"Li\u00ean h\u1ec7"}]},{"@type":"WebSite","@id":"https:\/\/tiembunbatoan.com\/#website","url":"https:\/\/tiembunbatoan.com\/","name":"tiembunbatoan","description":"tiembunbatoan","potentialAction":[{"@type":"SearchAction","target":{"@type":"EntryPoint","urlTemplate":"https:\/\/tiembunbatoan.com\/?s={search_term_string}"},"query-input":"required name=search_term_string"}],"inLanguage":"vi"}]}},"_links":{"self":[{"href":"https:\/\/tiembunbatoan.com\/index.php?rest_route=\/wp\/v2\/pages\/82","targetHints":{"allow":["GET"]}}],"collection":[{"href":"https:\/\/tiembunbatoan.com\/index.php?rest_route=\/wp\/v2\/pages"}],"about":[{"href":"https:\/\/tiembunbatoan.com\/index.php?rest_route=\/wp\/v2\/types\/page"}],"author":[{"embeddable":true,"href":"https:\/\/tiembunbatoan.com\/index.php?rest_route=\/wp\/v2\/users\/1"}],"replies":[{"embeddable":true,"href":"https:\/\/tiembunbatoan.com\/index.php?rest_route=%2Fwp%2Fv2%2Fcomments&post=82"}],"version-history":[{"count":26,"href":"https:\/\/tiembunbatoan.com\/index.php?rest_route=\/wp\/v2\/pages\/82\/revisions"}],"predecessor-version":[{"id":816,"href":"https:\/\/tiembunbatoan.com\/index.php?rest_route=\/wp\/v2\/pages\/82\/revisions\/816"}],"wp:attachment":[{"href":"https:\/\/tiembunbatoan.com\/index.php?rest_route=%2Fwp%2Fv2%2Fmedia&parent=82"}],"curies":[{"name":"wp","href":"https:\/\/api.w.org\/{rel}","templated":true}]}}