{"id":92,"date":"2013-08-06T20:13:19","date_gmt":"2013-08-06T20:13:19","guid":{"rendered":"http:\/\/localhost:8888\/test\/?page_id=17"},"modified":"2023-05-26T09:37:08","modified_gmt":"2023-05-26T09:37:08","slug":"classic-shop","status":"publish","type":"page","link":"https:\/\/tiembunbatoan.com\/","title":{"rendered":"Trang ch\u1ee7"},"content":{"rendered":"\t<section class=\"section rt_01\" id=\"section_840555814\">\n\t\t<div class=\"bg section-bg fill bg-fill  bg-loaded\" >\n\n\t\t\t\n\t\t\t\n\t\t\t\n\n\t\t<\/div>\n\n\t\t\n\n\t\t<div class=\"section-content relative\">\n\t\t\t\n<div class=\"row row-collapse\"  id=\"row-1768770196\">\n\n\t<div id=\"col-477633345\" class=\"col small-12 large-12\"  >\n\t\t\t\t<div class=\"col-inner\"  >\n\t\t\t\n\t\t\t\n<div class=\"slider-wrapper relative\" id=\"slider-2066919916\" >\n    <div class=\"slider slider-nav-simple slider-nav-large slider-nav-light slider-style-normal\"\n        data-flickity-options='{\n            \"cellAlign\": \"center\",\n            \"imagesLoaded\": true,\n            \"lazyLoad\": 1,\n            \"freeScroll\": false,\n            \"wrapAround\": true,\n            \"autoPlay\": 2000,\n            \"pauseAutoPlayOnHover\" : true,\n            \"prevNextButtons\": true,\n            \"contain\" : true,\n            \"adaptiveHeight\" : true,\n            \"dragThreshold\" : 10,\n            \"percentPosition\": true,\n            \"pageDots\": false,\n            \"rightToLeft\": false,\n            \"draggable\": true,\n            \"selectedAttraction\": 0.1,\n            \"parallax\" : 0,\n            \"friction\": 0.6        }'\n        >\n        \n\t<div class=\"img has-hover x md-x lg-x y md-y lg-y\" id=\"image_1276904318\">\n\t\t\t\t\t\t\t\t<div class=\"img-inner image-cover dark\" style=\"padding-top:50%;\">\n\t\t\t<img loading=\"lazy\" decoding=\"async\" width=\"1369\" height=\"820\" src=\"https:\/\/tiembunbatoan.com\/wp-content\/uploads\/2023\/05\/Frame-2.png\" class=\"attachment-original size-original\" alt=\"\" srcset=\"https:\/\/tiembunbatoan.com\/wp-content\/uploads\/2023\/05\/Frame-2.png 1369w, https:\/\/tiembunbatoan.com\/wp-content\/uploads\/2023\/05\/Frame-2-668x400.png 668w, https:\/\/tiembunbatoan.com\/wp-content\/uploads\/2023\/05\/Frame-2-1336x800.png 1336w, https:\/\/tiembunbatoan.com\/wp-content\/uploads\/2023\/05\/Frame-2-768x460.png 768w, https:\/\/tiembunbatoan.com\/wp-content\/uploads\/2023\/05\/Frame-2-24x14.png 24w, https:\/\/tiembunbatoan.com\/wp-content\/uploads\/2023\/05\/Frame-2-36x22.png 36w, https:\/\/tiembunbatoan.com\/wp-content\/uploads\/2023\/05\/Frame-2-48x29.png 48w\" sizes=\"auto, (max-width: 1369px) 100vw, 1369px\" \/>\t\t\t\t\t\t\n\t\t\t\t\t<\/div>\n\t\t\t\t\t\t\t\t\n<style>\n#image_1276904318 {\n  width: 100%;\n}\n<\/style>\n\t<\/div>\n\t\n\t<div class=\"img has-hover x md-x lg-x y md-y lg-y\" id=\"image_338159459\">\n\t\t\t\t\t\t\t\t<div class=\"img-inner image-cover dark\" style=\"padding-top:50%;\">\n\t\t\t<img loading=\"lazy\" decoding=\"async\" width=\"791\" height=\"960\" src=\"https:\/\/tiembunbatoan.com\/wp-content\/uploads\/2023\/05\/272866490_661258651989700_5803708248173143753_n.jpeg\" class=\"attachment-original size-original\" alt=\"\" srcset=\"https:\/\/tiembunbatoan.com\/wp-content\/uploads\/2023\/05\/272866490_661258651989700_5803708248173143753_n.jpeg 791w, https:\/\/tiembunbatoan.com\/wp-content\/uploads\/2023\/05\/272866490_661258651989700_5803708248173143753_n-330x400.jpeg 330w, https:\/\/tiembunbatoan.com\/wp-content\/uploads\/2023\/05\/272866490_661258651989700_5803708248173143753_n-659x800.jpeg 659w, https:\/\/tiembunbatoan.com\/wp-content\/uploads\/2023\/05\/272866490_661258651989700_5803708248173143753_n-768x932.jpeg 768w, https:\/\/tiembunbatoan.com\/wp-content\/uploads\/2023\/05\/272866490_661258651989700_5803708248173143753_n-20x24.jpeg 20w, https:\/\/tiembunbatoan.com\/wp-content\/uploads\/2023\/05\/272866490_661258651989700_5803708248173143753_n-30x36.jpeg 30w, https:\/\/tiembunbatoan.com\/wp-content\/uploads\/2023\/05\/272866490_661258651989700_5803708248173143753_n-40x48.jpeg 40w\" sizes=\"auto, (max-width: 791px) 100vw, 791px\" \/>\t\t\t\t\t\t\n\t\t\t\t\t<\/div>\n\t\t\t\t\t\t\t\t\n<style>\n#image_338159459 {\n  width: 100%;\n}\n<\/style>\n\t<\/div>\n\t\n     <\/div>\n\n     <div class=\"loading-spin dark large centered\"><\/div>\n\n     \t<\/div>\n\n\n\t\t<\/div>\n\t\t\t\t\t<\/div>\n\n\t\n\n<style>\n#row-1768770196 > .col > .col-inner {\n  padding: 0px 0px 40px 0px;\n}\n<\/style>\n<\/div>\n<div class=\"row row-collapse\" style=\"max-width:1140px\" id=\"row-150680092\">\n\n\t<div id=\"col-464153773\" class=\"col small-12 large-12\"  >\n\t\t\t\t<div class=\"col-inner text-left\"  >\n\t\t\t\n\t\t\t\n\t<div id=\"text-1938678888\" class=\"text\">\n\t\t\n<div class=\"x78zum5 xdt5ytf x2lah0s xyamay9 x1pi30zi x18d9i69 x1swvt13\">\n<div class=\"x14vqqas\">\n<div class=\"x1a8lsjc\">\n<div class=\"x78zum5 xdt5ytf x4cne27 xifccgj\">\n<div class=\"xzueoph x1k70j0n\" style=\"text-align: justify;\"><span style=\"font-size: 18px; color: #800000;\"><em><strong><span class=\"x193iq5w xeuugli x13faqbe x1vvkbs xlh3980 xvmahel x1n0sxbx x1lliihq x1s928wv xhkezso x1gmr53x x1cpjm7i x1fgarty x1943h6x xudqn12 x41vudc x1603h9y x1u7k74 x1xlr1w8 xzsf02u x1yc453h\" dir=\"auto\">T\u00ccM HI\u1ec2U V\u1ec0 B\u00c1T B\u00daN S\u01af\u1edcN NGON NH\u1ea4T H\u00c0 N\u1ed8I.<\/span><\/strong><\/em><\/span><\/div>\n<\/div>\n<\/div>\n<\/div>\n<div style=\"text-align: justify;\">\n<div class=\"xjkvuk6 xuyqlj2 x1odjw0f\">\n<div class=\"xdj266r x11i5rnm xat24cr x1mh8g0r x1vvkbs\">\n<div dir=\"auto\"><span style=\"font-size: 18px; color: #800000;\"><em><strong>B\u00daN S\u01af\u1edcN M\u1eccC NGON NH\u1ea4T H\u00c0 N\u1ed8I V\u1edaI L\u1ecaCH S\u1eec 33 N\u0102M, CH\u1ee8NG NH\u00c2N CHO DI S\u1ea2N \u1ea8M TH\u1ef0C H\u00c0 N\u1ed8I\u00a0!<\/strong><\/em><\/span><\/div>\n<div dir=\"auto\">\u00a0<\/div>\n<\/div>\n<div class=\"x11i5rnm xat24cr x1mh8g0r x1vvkbs xtlvy1s\">\n<div dir=\"auto\"><span style=\"color: #000000;\">&#8211; S\u01b0\u1eddn, m\u1ecdc, m\u00f3ng t\u1ea5t c\u1ea3 \u0111\u1ec1u l\u00e0m t\u1eeb \u0111\u1ed3 t\u01b0\u01a1i, n\u00f3i kh\u00f4ng v\u1edbi \u0111\u1ed3 \u0111\u00f4ng l\u1ea1nh.<\/span><\/div>\n<\/div>\n<div class=\"x11i5rnm xat24cr x1mh8g0r x1vvkbs xtlvy1s\">\n<div dir=\"auto\"><span style=\"color: #000000;\">&#8211; B\u00ed k\u00edp gia truy\u1ec1n trong t\u1eebng kh\u00e2u ch\u1ebf bi\u1ebfn, c\u1ea9n th\u1eadn n\u00e2ng niu t\u1eebng v\u1ecb gi\u00e1c c\u1ee7a th\u1ef1c kh\u00e1ch.<\/span><\/div>\n<\/div>\n<div class=\"x11i5rnm xat24cr x1mh8g0r x1vvkbs xtlvy1s\">\n<div dir=\"auto\"><span style=\"color: #000000;\">&#8211; Kh\u00f4ng gian qu\u00e1n g\u1ee3i nh\u1edb c\u1ee7a H\u00e0 N\u1ed9i x\u01b0a v\u1edbi nh\u1eefng b\u1ea3n nh\u1ea1c du d\u01b0\u01a1ng.<\/span><\/div>\n<\/div>\n<div class=\"x11i5rnm xat24cr x1mh8g0r x1vvkbs xtlvy1s\">\n<div dir=\"auto\"><span style=\"color: #000000;\">&#8211; Qu\u00e1n s\u1ea1ch s\u1ebd,v\u00e1ch k\u00ednh, r\u1eeda tay t\u1ef1 \u0111\u1ed9ng,th\u00f4ng gi\u00f3 v\u00e0 an to\u00e0n trong m\u00f9a d\u1ecbch.<\/span><\/div>\n<div dir=\"auto\">\u00a0<\/div>\n<\/div>\n<div class=\"x11i5rnm xat24cr x1mh8g0r x1vvkbs xtlvy1s\">\n<div dir=\"auto\"><span style=\"color: #800000;\"><em><span style=\"font-size: 18px;\"><strong>C\u00d2N \u0110I\u1ec0U G\u00cc M\u00c0 B\u1ea0N KH\u00d4NG \u0110\u1ebeN KH\u00c1M PH\u00c1 NI\u1ec0M VUI \u1ea8M TH\u1ef0C T\u1ea0I TI\u1ec6M B\u00daN B\u00c0 TO\u00c0N ! ! !<\/strong><\/span><\/em><\/span><\/div>\n<\/div>\n<div class=\"x11i5rnm xat24cr x1mh8g0r x1vvkbs xtlvy1s\">\n<div dir=\"auto\"><span style=\"color: #000000;\">&#8212;&#8212;&#8212;&#8212;&#8212;&#8212;&#8212;&#8212;&#8212;&#8212;&#8212;&#8212;&#8212;&#8212;&#8212;&#8212;&#8212;&#8212;&#8212;&#8212;&#8212;&#8212;&#8212;&#8212;-<\/span><\/div>\n<div dir=\"auto\"><span style=\"color: #800000;\"><em><span style=\"font-size: 18px;\"><strong>TI\u1ec6M B\u00daN B\u00c0 TO\u00c0N<\/strong><\/span><\/em><\/span><\/div>\n<div dir=\"auto\">\u00a0<\/div>\n<div dir=\"auto\"><span style=\"color: #000000;\"><em>Th\u01b0\u01a1ng hi\u1ec7u b\u00fan gia truy\u1ec1n h\u01a1n 30 n\u0103m t\u1ea1i H\u00e0 N\u1ed9i( since 1988)<\/em><\/span><\/div>\n<div dir=\"auto\"><span style=\"color: #000000;\">\u0110\u1ecba ch\u1ec9: s\u1ed1 5 Ph\u1ed1 \u0110\u1ed7 H\u00e0nh, Nguy\u1ec5n Du, Hai B\u00e0 Tr\u01b0ng, H\u00e0 N\u1ed9i.<\/span><\/div>\n<div dir=\"auto\"><span style=\"color: #000000;\">\u0110t: 097 177 62 81 b\u1ea1n g\u1ecdi \u0111\u1ebfn qu\u00e1n \u0111\u1ec3 mua v\u1ec1 nh\u00e9!!!<\/span><\/div>\n<div dir=\"auto\"><strong><span style=\"color: #000000;\">Ho\u1eb7c mua online qua<\/span><\/strong><\/div>\n<div dir=\"auto\"><span style=\"color: #000000;\">&#8211; <strong>NOW<\/strong> :\u00a0<a class=\"x1i10hfl xjbqb8w x6umtig x1b1mbwd xaqea5y xav7gou x9f619 x1ypdohk xt0psk2 xe8uvvx xdj266r x11i5rnm xat24cr x1mh8g0r xexx8yu x4uap5 x18d9i69 xkhd6sd x16tdsg8 x1hl2dhg xggy1nq x1a2a7pz xt0b8zv x1fey0fg\" style=\"color: #000000;\" tabindex=\"0\" role=\"link\" href=\"https:\/\/www.now.vn\/ha-noi\/tiem-bun-ba-toan?fbclid=IwAR0tKGEtF7Zw2lrIH5FeU9KOwNaPPGvGqGY0Hd411Tlj0uJnLgMQkTsJ3YQ\" target=\"_blank\" rel=\"nofollow noopener noreferrer\">https:\/\/www.now.vn\/ha-noi\/tiem-bun-ba-toan<\/a><\/span><\/div>\n<div dir=\"auto\" style=\"text-align: left;\"><span style=\"color: #000000;\">&#8211; <strong>GRABFOOD<\/strong>: \u00a0<a class=\"x1i10hfl xjbqb8w x6umtig x1b1mbwd xaqea5y xav7gou x9f619 x1ypdohk xt0psk2 xe8uvvx xdj266r x11i5rnm xat24cr x1mh8g0r xexx8yu x4uap5 x18d9i69 xkhd6sd x16tdsg8 x1hl2dhg xggy1nq x1a2a7pz xt0b8zv x1fey0fg\" style=\"color: #000000;\" tabindex=\"0\" role=\"link\" href=\"https:\/\/l.facebook.com\/l.php?u=https%3A%2F%2Ffood.grab.com%2Fvn%2Fvi%2Frestaurant%2Fti%25E1%25BB%2587m-b%25C3%25BAn-b%25C3%25A0-to%25C3%25A0n-delivery%2F5-CZMWWBLCN3MJLN%3Ffbclid%3DIwAR0b35hnKZMRAE6xAjnIw6FH_Ruo4tQatefkTd_EJc7IjTUagjTnxGi60qE&amp;h=AT25RKvSYV5aj-OGvlmpK1ABGN6Q6Vi8rLzdmN_GZt1Pnq9HGm5XL4r7p2fuTcuJ407--ta5N2M1D7I7dcZWo-eCWwN8TJHT7cgFCTIP31i_Z0jeGb7J5ajbDUAk84LdetTgCpaOFQ&amp;__tn__=-UK-R\" target=\"_blank\" rel=\"nofollow noopener noreferrer\">https:\/\/food.grab.com\/&#8230;\/ti%E1%BB%87m-b&#8230;\/5-CZMWWBLCN3MJLN<\/a><\/span><\/div>\n<\/div>\n<\/div>\n<\/div>\n<\/div>\n\t\t\n<style>\n#text-1938678888 {\n  color: rgb(51, 51, 51);\n}\n#text-1938678888 > * {\n  color: rgb(51, 51, 51);\n}\n<\/style>\n\t<\/div>\n\t\n\t\t<\/div>\n\t\t\t\t\t<\/div>\n\n\t\n\n<style>\n#row-150680092 > .col > .col-inner {\n  padding: 50px 0px 50px 0px;\n}\n<\/style>\n<\/div>\n\t\t<\/div>\n\n\t\t\n<style>\n#section_840555814 {\n  padding-top: 0px;\n  padding-bottom: 0px;\n}\n#section_840555814 .ux-shape-divider--top svg {\n  height: 150px;\n  --divider-top-width: 100%;\n}\n#section_840555814 .ux-shape-divider--bottom svg {\n  height: 150px;\n  --divider-width: 100%;\n}\n<\/style>\n\t<\/section>\n\t\n","protected":false},"excerpt":{"rendered":"","protected":false},"author":1,"featured_media":0,"parent":0,"menu_order":1,"comment_status":"closed","ping_status":"closed","template":"page-blank.php","meta":{"footnotes":""},"class_list":["post-92","page","type-page","status-publish","hentry"],"yoast_head":"<!-- This site is optimized with the Yoast SEO plugin v20.8 - https:\/\/yoast.com\/wordpress\/plugins\/seo\/ -->\n<title>Trang ch\u1ee7 - tiembunbatoan<\/title>\n<meta name=\"robots\" content=\"noindex, follow, max-snippet:-1, max-image-preview:large, max-video-preview:-1\" \/>\n<meta property=\"og:locale\" content=\"vi_VN\" \/>\n<meta property=\"og:type\" content=\"article\" \/>\n<meta property=\"og:title\" content=\"Trang ch\u1ee7 - tiembunbatoan\" \/>\n<meta property=\"og:url\" content=\"https:\/\/tiembunbatoan.com\/\" \/>\n<meta property=\"og:site_name\" content=\"tiembunbatoan\" \/>\n<meta property=\"article:modified_time\" content=\"2023-05-26T09:37:08+00:00\" \/>\n<meta name=\"twitter:card\" content=\"summary_large_image\" \/>\n<script type=\"application\/ld+json\" class=\"yoast-schema-graph\">{\"@context\":\"https:\/\/schema.org\",\"@graph\":[{\"@type\":\"WebPage\",\"@id\":\"https:\/\/tiembunbatoan.com\/\",\"url\":\"https:\/\/tiembunbatoan.com\/\",\"name\":\"Trang ch\u1ee7 - tiembunbatoan\",\"isPartOf\":{\"@id\":\"https:\/\/tiembunbatoan.com\/#website\"},\"datePublished\":\"2013-08-06T20:13:19+00:00\",\"dateModified\":\"2023-05-26T09:37:08+00:00\",\"breadcrumb\":{\"@id\":\"https:\/\/tiembunbatoan.com\/#breadcrumb\"},\"inLanguage\":\"vi\",\"potentialAction\":[{\"@type\":\"ReadAction\",\"target\":[\"https:\/\/tiembunbatoan.com\/\"]}]},{\"@type\":\"BreadcrumbList\",\"@id\":\"https:\/\/tiembunbatoan.com\/#breadcrumb\",\"itemListElement\":[{\"@type\":\"ListItem\",\"position\":1,\"name\":\"Home\",\"item\":\"https:\/\/tiembunbatoan.com\/\"},{\"@type\":\"ListItem\",\"position\":2,\"name\":\"Trang ch\u1ee7\"}]},{\"@type\":\"WebSite\",\"@id\":\"https:\/\/tiembunbatoan.com\/#website\",\"url\":\"https:\/\/tiembunbatoan.com\/\",\"name\":\"tiembunbatoan\",\"description\":\"tiembunbatoan\",\"potentialAction\":[{\"@type\":\"SearchAction\",\"target\":{\"@type\":\"EntryPoint\",\"urlTemplate\":\"https:\/\/tiembunbatoan.com\/?s={search_term_string}\"},\"query-input\":\"required name=search_term_string\"}],\"inLanguage\":\"vi\"}]}<\/script>\n<!-- \/ Yoast SEO plugin. -->","yoast_head_json":{"title":"Trang ch\u1ee7 - tiembunbatoan","robots":{"index":"noindex","follow":"follow","max-snippet":"max-snippet:-1","max-image-preview":"max-image-preview:large","max-video-preview":"max-video-preview:-1"},"og_locale":"vi_VN","og_type":"article","og_title":"Trang ch\u1ee7 - tiembunbatoan","og_url":"https:\/\/tiembunbatoan.com\/","og_site_name":"tiembunbatoan","article_modified_time":"2023-05-26T09:37:08+00:00","twitter_card":"summary_large_image","schema":{"@context":"https:\/\/schema.org","@graph":[{"@type":"WebPage","@id":"https:\/\/tiembunbatoan.com\/","url":"https:\/\/tiembunbatoan.com\/","name":"Trang ch\u1ee7 - tiembunbatoan","isPartOf":{"@id":"https:\/\/tiembunbatoan.com\/#website"},"datePublished":"2013-08-06T20:13:19+00:00","dateModified":"2023-05-26T09:37:08+00:00","breadcrumb":{"@id":"https:\/\/tiembunbatoan.com\/#breadcrumb"},"inLanguage":"vi","potentialAction":[{"@type":"ReadAction","target":["https:\/\/tiembunbatoan.com\/"]}]},{"@type":"BreadcrumbList","@id":"https:\/\/tiembunbatoan.com\/#breadcrumb","itemListElement":[{"@type":"ListItem","position":1,"name":"Home","item":"https:\/\/tiembunbatoan.com\/"},{"@type":"ListItem","position":2,"name":"Trang ch\u1ee7"}]},{"@type":"WebSite","@id":"https:\/\/tiembunbatoan.com\/#website","url":"https:\/\/tiembunbatoan.com\/","name":"tiembunbatoan","description":"tiembunbatoan","potentialAction":[{"@type":"SearchAction","target":{"@type":"EntryPoint","urlTemplate":"https:\/\/tiembunbatoan.com\/?s={search_term_string}"},"query-input":"required name=search_term_string"}],"inLanguage":"vi"}]}},"_links":{"self":[{"href":"https:\/\/tiembunbatoan.com\/index.php?rest_route=\/wp\/v2\/pages\/92","targetHints":{"allow":["GET"]}}],"collection":[{"href":"https:\/\/tiembunbatoan.com\/index.php?rest_route=\/wp\/v2\/pages"}],"about":[{"href":"https:\/\/tiembunbatoan.com\/index.php?rest_route=\/wp\/v2\/types\/page"}],"author":[{"embeddable":true,"href":"https:\/\/tiembunbatoan.com\/index.php?rest_route=\/wp\/v2\/users\/1"}],"replies":[{"embeddable":true,"href":"https:\/\/tiembunbatoan.com\/index.php?rest_route=%2Fwp%2Fv2%2Fcomments&post=92"}],"version-history":[{"count":88,"href":"https:\/\/tiembunbatoan.com\/index.php?rest_route=\/wp\/v2\/pages\/92\/revisions"}],"predecessor-version":[{"id":846,"href":"https:\/\/tiembunbatoan.com\/index.php?rest_route=\/wp\/v2\/pages\/92\/revisions\/846"}],"wp:attachment":[{"href":"https:\/\/tiembunbatoan.com\/index.php?rest_route=%2Fwp%2Fv2%2Fmedia&parent=92"}],"curies":[{"name":"wp","href":"https:\/\/api.w.org\/{rel}","templated":true}]}}